{"id":3151,"date":"2023-12-06T21:11:55","date_gmt":"2023-12-06T21:11:55","guid":{"rendered":"http:\/\/victoria.tur.ar\/web\/?page_id=3151"},"modified":"2023-12-07T03:17:20","modified_gmt":"2023-12-07T03:17:20","slug":"holistica","status":"publish","type":"page","link":"https:\/\/victoria.tur.ar\/web\/holistica\/","title":{"rendered":"HOL\u00cdSTICA 2023"},"content":{"rendered":"\t\t<div data-elementor-type=\"wp-page\" data-elementor-id=\"3151\" class=\"elementor elementor-3151\" data-elementor-post-type=\"page\">\n\t\t\t\t\t\t<section class=\"elementor-section elementor-top-section elementor-element elementor-element-17b2b04 elementor-section-height-min-height elementor-section-full_width elementor-section-height-default elementor-section-items-middle\" data-id=\"17b2b04\" data-element_type=\"section\" data-e-type=\"section\" data-settings=\"{&quot;background_background&quot;:&quot;classic&quot;,&quot;shape_divider_bottom&quot;:&quot;mountains&quot;}\">\n\t\t\t\t\t\t\t<div class=\"elementor-background-overlay\"><\/div>\n\t\t\t\t\t\t<div class=\"elementor-shape elementor-shape-bottom\" aria-hidden=\"true\" data-negative=\"false\">\n\t\t\t<svg xmlns=\"http:\/\/www.w3.org\/2000\/svg\" viewBox=\"0 0 1000 100\" preserveAspectRatio=\"none\">\n\t<path class=\"elementor-shape-fill\" opacity=\"0.33\" d=\"M473,67.3c-203.9,88.3-263.1-34-320.3,0C66,119.1,0,59.7,0,59.7V0h1000v59.7 c0,0-62.1,26.1-94.9,29.3c-32.8,3.3-62.8-12.3-75.8-22.1C806,49.6,745.3,8.7,694.9,4.7S492.4,59,473,67.3z\"\/>\n\t<path class=\"elementor-shape-fill\" opacity=\"0.66\" d=\"M734,67.3c-45.5,0-77.2-23.2-129.1-39.1c-28.6-8.7-150.3-10.1-254,39.1 s-91.7-34.4-149.2,0C115.7,118.3,0,39.8,0,39.8V0h1000v36.5c0,0-28.2-18.5-92.1-18.5C810.2,18.1,775.7,67.3,734,67.3z\"\/>\n\t<path class=\"elementor-shape-fill\" d=\"M766.1,28.9c-200-57.5-266,65.5-395.1,19.5C242,1.8,242,5.4,184.8,20.6C128,35.8,132.3,44.9,89.9,52.5C28.6,63.7,0,0,0,0 h1000c0,0-9.9,40.9-83.6,48.1S829.6,47,766.1,28.9z\"\/>\n<\/svg>\t\t<\/div>\n\t\t\t\t\t<div class=\"elementor-container elementor-column-gap-default\">\n\t\t\t\t\t<div class=\"elementor-column elementor-col-100 elementor-top-column elementor-element elementor-element-14db90a\" data-id=\"14db90a\" data-element_type=\"column\" data-e-type=\"column\">\n\t\t\t<div class=\"elementor-widget-wrap elementor-element-populated\">\n\t\t\t\t\t\t<div class=\"elementor-element elementor-element-cf190f2 elementor-widget elementor-widget-heading\" data-id=\"cf190f2\" data-element_type=\"widget\" data-e-type=\"widget\" data-widget_type=\"heading.default\">\n\t\t\t\t<div class=\"elementor-widget-container\">\n\t\t\t\t\t<h2 class=\"elementor-heading-title elementor-size-default\">HOL\u00cdSTICA<\/h2>\t\t\t\t<\/div>\n\t\t\t\t<\/div>\n\t\t\t\t\t<\/div>\n\t\t<\/div>\n\t\t\t\t\t<\/div>\n\t\t<\/section>\n\t\t\t\t<section class=\"elementor-section elementor-top-section elementor-element elementor-element-5895067 elementor-section-boxed elementor-section-height-default elementor-section-height-default\" data-id=\"5895067\" data-element_type=\"section\" data-e-type=\"section\" data-settings=\"{&quot;background_background&quot;:&quot;classic&quot;}\">\n\t\t\t\t\t\t<div class=\"elementor-container elementor-column-gap-default\">\n\t\t\t\t\t<div class=\"elementor-column elementor-col-100 elementor-top-column elementor-element elementor-element-8c3e78a\" data-id=\"8c3e78a\" data-element_type=\"column\" data-e-type=\"column\">\n\t\t\t<div class=\"elementor-widget-wrap elementor-element-populated\">\n\t\t\t\t\t\t<div class=\"elementor-element elementor-element-85d148f elementor-widget elementor-widget-text-editor\" data-id=\"85d148f\" data-element_type=\"widget\" data-e-type=\"widget\" data-widget_type=\"text-editor.default\">\n\t\t\t\t<div class=\"elementor-widget-container\">\n\t\t\t\t\t\t\t\t\t<p class=\"has-text-align-center\">Nueva tendencia donde el bienestar mental y corporal es elegido en actividades como el yoga, meditaci\u00f3n, nuevas terapias complementarias, y espacios que nutren el equilibro a trav\u00e9s de la energ\u00eda que distingue a Victoria<\/p>\t\t\t\t\t\t\t\t<\/div>\n\t\t\t\t<\/div>\n\t\t\t\t\t<\/div>\n\t\t<\/div>\n\t\t\t\t\t<\/div>\n\t\t<\/section>\n\t\t\t\t<section class=\"elementor-section elementor-top-section elementor-element elementor-element-8bff1e5 elementor-section-boxed elementor-section-height-default elementor-section-height-default\" data-id=\"8bff1e5\" data-element_type=\"section\" data-e-type=\"section\" data-settings=\"{&quot;background_background&quot;:&quot;classic&quot;}\">\n\t\t\t\t\t\t<div class=\"elementor-container elementor-column-gap-default\">\n\t\t\t\t\t<div class=\"elementor-column elementor-col-100 elementor-top-column elementor-element elementor-element-05a4cf6\" data-id=\"05a4cf6\" data-element_type=\"column\" data-e-type=\"column\">\n\t\t\t<div class=\"elementor-widget-wrap elementor-element-populated\">\n\t\t\t\t\t\t<div class=\"elementor-element elementor-element-cc45543 elementor-widget elementor-widget-accordion\" data-id=\"cc45543\" data-element_type=\"widget\" data-e-type=\"widget\" data-widget_type=\"accordion.default\">\n\t\t\t\t<div class=\"elementor-widget-container\">\n\t\t\t\t\t\t\t<div class=\"elementor-accordion\">\n\t\t\t\t\t\t\t<div class=\"elementor-accordion-item\">\n\t\t\t\t\t<div id=\"elementor-tab-title-2141\" class=\"elementor-tab-title\" data-tab=\"1\" role=\"button\" aria-controls=\"elementor-tab-content-2141\" aria-expanded=\"false\">\n\t\t\t\t\t\t\t\t\t\t\t\t\t<span class=\"elementor-accordion-icon elementor-accordion-icon-left\" aria-hidden=\"true\">\n\t\t\t\t\t\t\t\t\t\t\t\t\t\t\t<span class=\"elementor-accordion-icon-closed\"><svg class=\"e-font-icon-svg e-fas-arrow-right\" viewBox=\"0 0 448 512\" xmlns=\"http:\/\/www.w3.org\/2000\/svg\"><path d=\"M190.5 66.9l22.2-22.2c9.4-9.4 24.6-9.4 33.9 0L441 239c9.4 9.4 9.4 24.6 0 33.9L246.6 467.3c-9.4 9.4-24.6 9.4-33.9 0l-22.2-22.2c-9.5-9.5-9.3-25 .4-34.3L311.4 296H24c-13.3 0-24-10.7-24-24v-32c0-13.3 10.7-24 24-24h287.4L190.9 101.2c-9.8-9.3-10-24.8-.4-34.3z\"><\/path><\/svg><\/span>\n\t\t\t\t\t\t\t\t<span class=\"elementor-accordion-icon-opened\"><svg class=\"e-font-icon-svg e-fas-arrow-down\" viewBox=\"0 0 448 512\" xmlns=\"http:\/\/www.w3.org\/2000\/svg\"><path d=\"M413.1 222.5l22.2 22.2c9.4 9.4 9.4 24.6 0 33.9L241 473c-9.4 9.4-24.6 9.4-33.9 0L12.7 278.6c-9.4-9.4-9.4-24.6 0-33.9l22.2-22.2c9.5-9.5 25-9.3 34.3.4L184 343.4V56c0-13.3 10.7-24 24-24h32c13.3 0 24 10.7 24 24v287.4l114.8-120.5c9.3-9.8 24.8-10 34.3-.4z\"><\/path><\/svg><\/span>\n\t\t\t\t\t\t\t\t\t\t\t\t\t\t<\/span>\n\t\t\t\t\t\t\t\t\t\t\t\t<a class=\"elementor-accordion-title\" tabindex=\"0\">ESPACIOS HOL\u00cdSTICOS<\/a>\n\t\t\t\t\t<\/div>\n\t\t\t\t\t<div id=\"elementor-tab-content-2141\" class=\"elementor-tab-content elementor-clearfix\" data-tab=\"1\" role=\"region\" aria-labelledby=\"elementor-tab-title-2141\"><div class=\"wp-block-column is-layout-flow wp-block-column-is-layout-flow\"><ul><li><strong>CASA ALMA<br \/><\/strong>Ruta 26, a 6 km de la ciudad. | 03436 15573329 | Ecolodge y Centro Hol\u00edstico \u2013 Sitio de encuentros, retiros, talleres y variadas actividades afines.<\/li><li><strong>CENTRO HOL\u00cdSTICO DE MEDITACI\u00d3N VICTORIA \u2013 ECOHOLISMO<br \/><\/strong>Bv. Rivadavia 205 \u2013 esquina V\u00e9lez Sarsfield | 03436-15612835 | Actividades saludables, retiros, seminarios y eventos \u2013 Lic. Ver\u00f3nica Banchero<\/li><li><strong>DESCONECTAR PARA CONECTAR<br \/><\/strong>Espa\u00f1a 109 | 3436- 615710 | \u201cPor dentro, por fuera\u201d Prof. de Yoga Natalia Caminos especializada en Medici\u00f3n y Mindfulness.<\/li><li><strong>LA YURTA<br \/><\/strong>Av. Esteban Lonne y \u00c1ngel Turchet |3436-440503 |Espacio para encuentros hol\u00edsticos, meditaci\u00f3n, yoga, terapias alternativas, talleres, entre otros.<\/li><li><strong>MUJER TIERRA<br \/><\/strong>3436453776 | \u201cDe plantas y magia\u201d A cargo de Nancy Campos<\/li><li><strong>HOLISTICO GANESHA \u2013 LUCIANA ROSSI<br \/><\/strong>549-3436-414892 | Terapeuta Hol\u00edstica \u2013 Profesora de Yoga<\/li><li><strong>MEDITACI\u00d3N EN MOVIMIENTO<br \/><\/strong>Av. Esteban Lonne y \u00c1ngel Turchet | 3436-440503<\/li><li><strong>POSADA JUAN SOLAR<br \/><\/strong>Bv. Rivadavia 454 | 3436-154575648 | Habitualmente ofrece encuentros y talleres de Yoga, meditaci\u00f3n y cocina saludable.<\/li><li><strong>POSADA 7 PARA\u00cdSOS<br \/><\/strong>Secci\u00f3n Chacras Sub Sur | 0343615434291 | Espacio para retiros, encuentros, creaci\u00f3n art\u00edstica y sanaci\u00f3n.<\/li><\/ul><\/div><\/div>\n\t\t\t\t<\/div>\n\t\t\t\t\t\t\t<div class=\"elementor-accordion-item\">\n\t\t\t\t\t<div id=\"elementor-tab-title-2142\" class=\"elementor-tab-title\" data-tab=\"2\" role=\"button\" aria-controls=\"elementor-tab-content-2142\" aria-expanded=\"false\">\n\t\t\t\t\t\t\t\t\t\t\t\t\t<span class=\"elementor-accordion-icon elementor-accordion-icon-left\" aria-hidden=\"true\">\n\t\t\t\t\t\t\t\t\t\t\t\t\t\t\t<span class=\"elementor-accordion-icon-closed\"><svg class=\"e-font-icon-svg e-fas-arrow-right\" viewBox=\"0 0 448 512\" xmlns=\"http:\/\/www.w3.org\/2000\/svg\"><path d=\"M190.5 66.9l22.2-22.2c9.4-9.4 24.6-9.4 33.9 0L441 239c9.4 9.4 9.4 24.6 0 33.9L246.6 467.3c-9.4 9.4-24.6 9.4-33.9 0l-22.2-22.2c-9.5-9.5-9.3-25 .4-34.3L311.4 296H24c-13.3 0-24-10.7-24-24v-32c0-13.3 10.7-24 24-24h287.4L190.9 101.2c-9.8-9.3-10-24.8-.4-34.3z\"><\/path><\/svg><\/span>\n\t\t\t\t\t\t\t\t<span class=\"elementor-accordion-icon-opened\"><svg class=\"e-font-icon-svg e-fas-arrow-down\" viewBox=\"0 0 448 512\" xmlns=\"http:\/\/www.w3.org\/2000\/svg\"><path d=\"M413.1 222.5l22.2 22.2c9.4 9.4 9.4 24.6 0 33.9L241 473c-9.4 9.4-24.6 9.4-33.9 0L12.7 278.6c-9.4-9.4-9.4-24.6 0-33.9l22.2-22.2c9.5-9.5 25-9.3 34.3.4L184 343.4V56c0-13.3 10.7-24 24-24h32c13.3 0 24 10.7 24 24v287.4l114.8-120.5c9.3-9.8 24.8-10 34.3-.4z\"><\/path><\/svg><\/span>\n\t\t\t\t\t\t\t\t\t\t\t\t\t\t<\/span>\n\t\t\t\t\t\t\t\t\t\t\t\t<a class=\"elementor-accordion-title\" tabindex=\"0\">EXPERIENCIAS WELLNESS: AGUAS TERMALES Y CENTROS DE SPA<\/a>\n\t\t\t\t\t<\/div>\n\t\t\t\t\t<div id=\"elementor-tab-content-2142\" class=\"elementor-tab-content elementor-clearfix\" data-tab=\"2\" role=\"region\" aria-labelledby=\"elementor-tab-title-2142\"><ul><li><strong>PARQUE ACU\u00c1TICO TERMAL \u201cVICTORIA DEL AGUA\u201d<br \/><\/strong>Ruta 11 km 119.5 | 03436-15613477<\/li><li><strong>HOTEL SPA SOL VICTORIA<br \/><\/strong>Mastr\u00e1ngelo s\/n, | 03436 424040 | Reservas: 0800 888 7070<\/li><li><strong>HOTEL TERMAS WELLNESS SPA<br \/><\/strong>Zona Termas Victoria | 3436-511337 \/ 3436-402764<\/li><\/ul><\/div>\n\t\t\t\t<\/div>\n\t\t\t\t\t\t\t\t<\/div>\n\t\t\t\t\t\t<\/div>\n\t\t\t\t<\/div>\n\t\t\t\t\t<\/div>\n\t\t<\/div>\n\t\t\t\t\t<\/div>\n\t\t<\/section>\n\t\t\t\t<section class=\"elementor-section elementor-top-section elementor-element elementor-element-8b49004 elementor-section-height-min-height elementor-section-items-top elementor-section-content-middle elementor-section-boxed elementor-section-height-default\" data-id=\"8b49004\" data-element_type=\"section\" data-e-type=\"section\" data-settings=\"{&quot;background_background&quot;:&quot;classic&quot;}\">\n\t\t\t\t\t\t\t<div class=\"elementor-background-overlay\"><\/div>\n\t\t\t\t\t\t\t<div class=\"elementor-container elementor-column-gap-default\">\n\t\t\t\t\t<div class=\"elementor-column elementor-col-25 elementor-top-column elementor-element elementor-element-1679eac\" data-id=\"1679eac\" data-element_type=\"column\" data-e-type=\"column\">\n\t\t\t<div class=\"elementor-widget-wrap elementor-element-populated\">\n\t\t\t\t\t\t<div class=\"elementor-element elementor-element-9d132c1 elementor-widget elementor-widget-image\" data-id=\"9d132c1\" data-element_type=\"widget\" data-e-type=\"widget\" data-widget_type=\"image.default\">\n\t\t\t\t<div class=\"elementor-widget-container\">\n\t\t\t\t\t\t\t\t\t\t\t\t\t\t\t<img fetchpriority=\"high\" decoding=\"async\" width=\"800\" height=\"344\" src=\"https:\/\/victoria.tur.ar\/web\/wp-content\/uploads\/2023\/08\/er-1024x440.png\" class=\"attachment-large size-large wp-image-2711\" alt=\"\" srcset=\"https:\/\/victoria.tur.ar\/web\/wp-content\/uploads\/2023\/08\/er-1024x440.png 1024w, https:\/\/victoria.tur.ar\/web\/wp-content\/uploads\/2023\/08\/er-300x129.png 300w, https:\/\/victoria.tur.ar\/web\/wp-content\/uploads\/2023\/08\/er-768x330.png 768w, https:\/\/victoria.tur.ar\/web\/wp-content\/uploads\/2023\/08\/er-1536x661.png 1536w, https:\/\/victoria.tur.ar\/web\/wp-content\/uploads\/2023\/08\/er.png 1581w\" sizes=\"(max-width: 800px) 100vw, 800px\" \/>\t\t\t\t\t\t\t\t\t\t\t\t\t\t\t<\/div>\n\t\t\t\t<\/div>\n\t\t\t\t<div class=\"elementor-element elementor-element-582cea1 elementor-widget-divider--view-line elementor-widget elementor-widget-divider\" data-id=\"582cea1\" data-element_type=\"widget\" data-e-type=\"widget\" data-widget_type=\"divider.default\">\n\t\t\t\t<div class=\"elementor-widget-container\">\n\t\t\t\t\t\t\t<div class=\"elementor-divider\">\n\t\t\t<span class=\"elementor-divider-separator\">\n\t\t\t\t\t\t<\/span>\n\t\t<\/div>\n\t\t\t\t\t\t<\/div>\n\t\t\t\t<\/div>\n\t\t\t\t\t<\/div>\n\t\t<\/div>\n\t\t\t\t<div class=\"elementor-column elementor-col-25 elementor-top-column elementor-element elementor-element-41c92b8\" data-id=\"41c92b8\" data-element_type=\"column\" data-e-type=\"column\">\n\t\t\t<div class=\"elementor-widget-wrap elementor-element-populated\">\n\t\t\t\t\t\t<div class=\"elementor-element elementor-element-0146a09 elementor-widget elementor-widget-image\" data-id=\"0146a09\" data-element_type=\"widget\" data-e-type=\"widget\" data-widget_type=\"image.default\">\n\t\t\t\t<div class=\"elementor-widget-container\">\n\t\t\t\t\t\t\t\t\t\t\t\t\t\t\t<img decoding=\"async\" width=\"800\" height=\"344\" src=\"https:\/\/victoria.tur.ar\/web\/wp-content\/uploads\/2023\/08\/mdv-1024x440.png\" class=\"attachment-large size-large wp-image-2706\" alt=\"\" srcset=\"https:\/\/victoria.tur.ar\/web\/wp-content\/uploads\/2023\/08\/mdv-1024x440.png 1024w, https:\/\/victoria.tur.ar\/web\/wp-content\/uploads\/2023\/08\/mdv-300x129.png 300w, https:\/\/victoria.tur.ar\/web\/wp-content\/uploads\/2023\/08\/mdv-768x330.png 768w, https:\/\/victoria.tur.ar\/web\/wp-content\/uploads\/2023\/08\/mdv-1536x661.png 1536w, https:\/\/victoria.tur.ar\/web\/wp-content\/uploads\/2023\/08\/mdv.png 1581w\" sizes=\"(max-width: 800px) 100vw, 800px\" \/>\t\t\t\t\t\t\t\t\t\t\t\t\t\t\t<\/div>\n\t\t\t\t<\/div>\n\t\t\t\t<div class=\"elementor-element elementor-element-23deb4c elementor-widget-divider--view-line elementor-widget elementor-widget-divider\" data-id=\"23deb4c\" data-element_type=\"widget\" data-e-type=\"widget\" data-widget_type=\"divider.default\">\n\t\t\t\t<div class=\"elementor-widget-container\">\n\t\t\t\t\t\t\t<div class=\"elementor-divider\">\n\t\t\t<span class=\"elementor-divider-separator\">\n\t\t\t\t\t\t<\/span>\n\t\t<\/div>\n\t\t\t\t\t\t<\/div>\n\t\t\t\t<\/div>\n\t\t\t\t\t<\/div>\n\t\t<\/div>\n\t\t\t\t<div class=\"elementor-column elementor-col-25 elementor-top-column elementor-element elementor-element-84db7c2\" data-id=\"84db7c2\" data-element_type=\"column\" data-e-type=\"column\">\n\t\t\t<div class=\"elementor-widget-wrap elementor-element-populated\">\n\t\t\t\t\t\t<div class=\"elementor-element elementor-element-f92d8fd elementor-widget elementor-widget-image\" data-id=\"f92d8fd\" data-element_type=\"widget\" data-e-type=\"widget\" data-widget_type=\"image.default\">\n\t\t\t\t<div class=\"elementor-widget-container\">\n\t\t\t\t\t\t\t\t\t\t\t\t\t\t\t<img decoding=\"async\" width=\"800\" height=\"344\" src=\"https:\/\/victoria.tur.ar\/web\/wp-content\/uploads\/2023\/08\/tur-mdv-1024x440.png\" class=\"attachment-large size-large wp-image-2707\" alt=\"\" srcset=\"https:\/\/victoria.tur.ar\/web\/wp-content\/uploads\/2023\/08\/tur-mdv-1024x440.png 1024w, https:\/\/victoria.tur.ar\/web\/wp-content\/uploads\/2023\/08\/tur-mdv-300x129.png 300w, https:\/\/victoria.tur.ar\/web\/wp-content\/uploads\/2023\/08\/tur-mdv-768x330.png 768w, https:\/\/victoria.tur.ar\/web\/wp-content\/uploads\/2023\/08\/tur-mdv-1536x661.png 1536w, https:\/\/victoria.tur.ar\/web\/wp-content\/uploads\/2023\/08\/tur-mdv.png 1581w\" sizes=\"(max-width: 800px) 100vw, 800px\" \/>\t\t\t\t\t\t\t\t\t\t\t\t\t\t\t<\/div>\n\t\t\t\t<\/div>\n\t\t\t\t<div class=\"elementor-element elementor-element-42c245e elementor-widget-divider--view-line elementor-widget elementor-widget-divider\" data-id=\"42c245e\" data-element_type=\"widget\" data-e-type=\"widget\" data-widget_type=\"divider.default\">\n\t\t\t\t<div class=\"elementor-widget-container\">\n\t\t\t\t\t\t\t<div class=\"elementor-divider\">\n\t\t\t<span class=\"elementor-divider-separator\">\n\t\t\t\t\t\t<\/span>\n\t\t<\/div>\n\t\t\t\t\t\t<\/div>\n\t\t\t\t<\/div>\n\t\t\t\t\t<\/div>\n\t\t<\/div>\n\t\t\t\t<div class=\"elementor-column elementor-col-25 elementor-top-column elementor-element elementor-element-3b3db74\" data-id=\"3b3db74\" data-element_type=\"column\" data-e-type=\"column\">\n\t\t\t<div class=\"elementor-widget-wrap elementor-element-populated\">\n\t\t\t\t\t\t<div class=\"elementor-element elementor-element-b6526bd elementor-widget elementor-widget-image\" data-id=\"b6526bd\" data-element_type=\"widget\" data-e-type=\"widget\" data-widget_type=\"image.default\">\n\t\t\t\t<div class=\"elementor-widget-container\">\n\t\t\t\t\t\t\t\t\t\t\t\t\t\t\t<img loading=\"lazy\" decoding=\"async\" width=\"800\" height=\"344\" src=\"https:\/\/victoria.tur.ar\/web\/wp-content\/uploads\/2023\/08\/car-mdv-1024x440.png\" class=\"attachment-large size-large wp-image-2709\" alt=\"\" srcset=\"https:\/\/victoria.tur.ar\/web\/wp-content\/uploads\/2023\/08\/car-mdv-1024x440.png 1024w, https:\/\/victoria.tur.ar\/web\/wp-content\/uploads\/2023\/08\/car-mdv-300x129.png 300w, https:\/\/victoria.tur.ar\/web\/wp-content\/uploads\/2023\/08\/car-mdv-768x330.png 768w, https:\/\/victoria.tur.ar\/web\/wp-content\/uploads\/2023\/08\/car-mdv-1536x661.png 1536w, https:\/\/victoria.tur.ar\/web\/wp-content\/uploads\/2023\/08\/car-mdv.png 1581w\" sizes=\"(max-width: 800px) 100vw, 800px\" \/>\t\t\t\t\t\t\t\t\t\t\t\t\t\t\t<\/div>\n\t\t\t\t<\/div>\n\t\t\t\t<div class=\"elementor-element elementor-element-3f2cb76 elementor-widget-divider--view-line elementor-widget elementor-widget-divider\" data-id=\"3f2cb76\" data-element_type=\"widget\" data-e-type=\"widget\" data-widget_type=\"divider.default\">\n\t\t\t\t<div class=\"elementor-widget-container\">\n\t\t\t\t\t\t\t<div class=\"elementor-divider\">\n\t\t\t<span class=\"elementor-divider-separator\">\n\t\t\t\t\t\t<\/span>\n\t\t<\/div>\n\t\t\t\t\t\t<\/div>\n\t\t\t\t<\/div>\n\t\t\t\t\t<\/div>\n\t\t<\/div>\n\t\t\t\t\t<\/div>\n\t\t<\/section>\n\t\t\t\t<\/div>\n\t\t","protected":false},"excerpt":{"rendered":"<p>HOL\u00cdSTICA Nueva tendencia donde el bienestar mental y corporal es elegido en actividades como el yoga, meditaci\u00f3n, nuevas terapias complementarias, y espacios que nutren el equilibro a trav\u00e9s de la &#8230;<\/p>\n","protected":false},"author":5,"featured_media":0,"parent":0,"menu_order":0,"comment_status":"closed","ping_status":"closed","template":"elementor_header_footer","meta":{"footnotes":""},"class_list":["post-3151","page","type-page","status-publish","hentry"],"_links":{"self":[{"href":"https:\/\/victoria.tur.ar\/web\/wp-json\/wp\/v2\/pages\/3151","targetHints":{"allow":["GET"]}}],"collection":[{"href":"https:\/\/victoria.tur.ar\/web\/wp-json\/wp\/v2\/pages"}],"about":[{"href":"https:\/\/victoria.tur.ar\/web\/wp-json\/wp\/v2\/types\/page"}],"author":[{"embeddable":true,"href":"https:\/\/victoria.tur.ar\/web\/wp-json\/wp\/v2\/users\/5"}],"replies":[{"embeddable":true,"href":"https:\/\/victoria.tur.ar\/web\/wp-json\/wp\/v2\/comments?post=3151"}],"version-history":[{"count":7,"href":"https:\/\/victoria.tur.ar\/web\/wp-json\/wp\/v2\/pages\/3151\/revisions"}],"predecessor-version":[{"id":3162,"href":"https:\/\/victoria.tur.ar\/web\/wp-json\/wp\/v2\/pages\/3151\/revisions\/3162"}],"wp:attachment":[{"href":"https:\/\/victoria.tur.ar\/web\/wp-json\/wp\/v2\/media?parent=3151"}],"curies":[{"name":"wp","href":"https:\/\/api.w.org\/{rel}","templated":true}]}}