{"id":3120,"date":"2023-12-06T20:44:49","date_gmt":"2023-12-06T20:44:49","guid":{"rendered":"http:\/\/victoria.tur.ar\/web\/?page_id=3120"},"modified":"2023-12-07T03:17:04","modified_gmt":"2023-12-07T03:17:04","slug":"historica","status":"publish","type":"page","link":"https:\/\/victoria.tur.ar\/web\/historica\/","title":{"rendered":"HIST\u00d3RICA 2023"},"content":{"rendered":"\t\t<div data-elementor-type=\"wp-page\" data-elementor-id=\"3120\" class=\"elementor elementor-3120\" data-elementor-post-type=\"page\">\n\t\t\t\t\t\t<section class=\"elementor-section elementor-top-section elementor-element elementor-element-17b2b04 elementor-section-height-min-height elementor-section-full_width elementor-section-height-default elementor-section-items-middle\" data-id=\"17b2b04\" data-element_type=\"section\" data-e-type=\"section\" data-settings=\"{&quot;background_background&quot;:&quot;classic&quot;,&quot;shape_divider_bottom&quot;:&quot;mountains&quot;}\">\n\t\t\t\t\t\t\t<div class=\"elementor-background-overlay\"><\/div>\n\t\t\t\t\t\t<div class=\"elementor-shape elementor-shape-bottom\" aria-hidden=\"true\" data-negative=\"false\">\n\t\t\t<svg xmlns=\"http:\/\/www.w3.org\/2000\/svg\" viewBox=\"0 0 1000 100\" preserveAspectRatio=\"none\">\n\t<path class=\"elementor-shape-fill\" opacity=\"0.33\" d=\"M473,67.3c-203.9,88.3-263.1-34-320.3,0C66,119.1,0,59.7,0,59.7V0h1000v59.7 c0,0-62.1,26.1-94.9,29.3c-32.8,3.3-62.8-12.3-75.8-22.1C806,49.6,745.3,8.7,694.9,4.7S492.4,59,473,67.3z\"\/>\n\t<path class=\"elementor-shape-fill\" opacity=\"0.66\" d=\"M734,67.3c-45.5,0-77.2-23.2-129.1-39.1c-28.6-8.7-150.3-10.1-254,39.1 s-91.7-34.4-149.2,0C115.7,118.3,0,39.8,0,39.8V0h1000v36.5c0,0-28.2-18.5-92.1-18.5C810.2,18.1,775.7,67.3,734,67.3z\"\/>\n\t<path class=\"elementor-shape-fill\" d=\"M766.1,28.9c-200-57.5-266,65.5-395.1,19.5C242,1.8,242,5.4,184.8,20.6C128,35.8,132.3,44.9,89.9,52.5C28.6,63.7,0,0,0,0 h1000c0,0-9.9,40.9-83.6,48.1S829.6,47,766.1,28.9z\"\/>\n<\/svg>\t\t<\/div>\n\t\t\t\t\t<div class=\"elementor-container elementor-column-gap-default\">\n\t\t\t\t\t<div class=\"elementor-column elementor-col-100 elementor-top-column elementor-element elementor-element-14db90a\" data-id=\"14db90a\" data-element_type=\"column\" data-e-type=\"column\">\n\t\t\t<div class=\"elementor-widget-wrap elementor-element-populated\">\n\t\t\t\t\t\t<div class=\"elementor-element elementor-element-cf190f2 elementor-widget elementor-widget-heading\" data-id=\"cf190f2\" data-element_type=\"widget\" data-e-type=\"widget\" data-widget_type=\"heading.default\">\n\t\t\t\t<div class=\"elementor-widget-container\">\n\t\t\t\t\t<h2 class=\"elementor-heading-title elementor-size-default\">HIST\u00d3RICA<\/h2>\t\t\t\t<\/div>\n\t\t\t\t<\/div>\n\t\t\t\t\t<\/div>\n\t\t<\/div>\n\t\t\t\t\t<\/div>\n\t\t<\/section>\n\t\t\t\t<section class=\"elementor-section elementor-top-section elementor-element elementor-element-5895067 elementor-section-boxed elementor-section-height-default elementor-section-height-default\" data-id=\"5895067\" data-element_type=\"section\" data-e-type=\"section\" data-settings=\"{&quot;background_background&quot;:&quot;classic&quot;}\">\n\t\t\t\t\t\t<div class=\"elementor-container elementor-column-gap-default\">\n\t\t\t\t\t<div class=\"elementor-column elementor-col-100 elementor-top-column elementor-element elementor-element-8c3e78a\" data-id=\"8c3e78a\" data-element_type=\"column\" data-e-type=\"column\">\n\t\t\t<div class=\"elementor-widget-wrap elementor-element-populated\">\n\t\t\t\t\t\t<div class=\"elementor-element elementor-element-85d148f elementor-widget elementor-widget-text-editor\" data-id=\"85d148f\" data-element_type=\"widget\" data-e-type=\"widget\" data-widget_type=\"text-editor.default\">\n\t\t\t\t<div class=\"elementor-widget-container\">\n\t\t\t\t\t\t\t\t\t<p class=\"has-text-align-center\"><strong>EXPERIENCIA:\u00a0<\/strong>SITIOS EMBLEM\u00c1TICOS DE LA CIUDAD \u2013 GUIADOS PERSONALIZADOS<\/p><p class=\"has-text-align-center\">Concebida al m\u00e1s puro estilo espa\u00f1ol, la ciudad cuenta con un casco hist\u00f3rico declarado \u201cBien de Inter\u00e9s Hist\u00f3rico Nacional\u201d por\u00a0<strong>Ley Nacional 25.686\/02<\/strong>, barrios t\u00edpicamente hist\u00f3ricos como el Quinto Cuartel <em>(cuna de la ciudad)<\/em>, Barrio Abad\u00eda <em>(centro del turismo religioso)<\/em> y Museos de distintas tem\u00e1ticas.<\/p><p class=\"has-text-align-center\"><strong>CIRCUITOS: <\/strong>CASCO HIST\u00d3RICO, LAS REJAS, BARRIO HIST\u00d3RICO 5\u00b0 CUARTEL, CERRO DE LA MATANZA<\/p>\t\t\t\t\t\t\t\t<\/div>\n\t\t\t\t<\/div>\n\t\t\t\t\t<\/div>\n\t\t<\/div>\n\t\t\t\t\t<\/div>\n\t\t<\/section>\n\t\t\t\t<section class=\"elementor-section elementor-top-section elementor-element elementor-element-8bff1e5 elementor-section-boxed elementor-section-height-default elementor-section-height-default\" data-id=\"8bff1e5\" data-element_type=\"section\" data-e-type=\"section\" data-settings=\"{&quot;background_background&quot;:&quot;classic&quot;}\">\n\t\t\t\t\t\t<div class=\"elementor-container elementor-column-gap-default\">\n\t\t\t\t\t<div class=\"elementor-column elementor-col-100 elementor-top-column elementor-element elementor-element-05a4cf6\" data-id=\"05a4cf6\" data-element_type=\"column\" data-e-type=\"column\">\n\t\t\t<div class=\"elementor-widget-wrap elementor-element-populated\">\n\t\t\t\t\t\t<div class=\"elementor-element elementor-element-cc45543 elementor-widget elementor-widget-accordion\" data-id=\"cc45543\" data-element_type=\"widget\" data-e-type=\"widget\" data-widget_type=\"accordion.default\">\n\t\t\t\t<div class=\"elementor-widget-container\">\n\t\t\t\t\t\t\t<div class=\"elementor-accordion\">\n\t\t\t\t\t\t\t<div class=\"elementor-accordion-item\">\n\t\t\t\t\t<div id=\"elementor-tab-title-2141\" class=\"elementor-tab-title\" data-tab=\"1\" role=\"button\" aria-controls=\"elementor-tab-content-2141\" aria-expanded=\"false\">\n\t\t\t\t\t\t\t\t\t\t\t\t\t<span class=\"elementor-accordion-icon elementor-accordion-icon-left\" aria-hidden=\"true\">\n\t\t\t\t\t\t\t\t\t\t\t\t\t\t\t<span class=\"elementor-accordion-icon-closed\"><svg class=\"e-font-icon-svg e-fas-arrow-right\" viewBox=\"0 0 448 512\" xmlns=\"http:\/\/www.w3.org\/2000\/svg\"><path d=\"M190.5 66.9l22.2-22.2c9.4-9.4 24.6-9.4 33.9 0L441 239c9.4 9.4 9.4 24.6 0 33.9L246.6 467.3c-9.4 9.4-24.6 9.4-33.9 0l-22.2-22.2c-9.5-9.5-9.3-25 .4-34.3L311.4 296H24c-13.3 0-24-10.7-24-24v-32c0-13.3 10.7-24 24-24h287.4L190.9 101.2c-9.8-9.3-10-24.8-.4-34.3z\"><\/path><\/svg><\/span>\n\t\t\t\t\t\t\t\t<span class=\"elementor-accordion-icon-opened\"><svg class=\"e-font-icon-svg e-fas-arrow-down\" viewBox=\"0 0 448 512\" xmlns=\"http:\/\/www.w3.org\/2000\/svg\"><path d=\"M413.1 222.5l22.2 22.2c9.4 9.4 9.4 24.6 0 33.9L241 473c-9.4 9.4-24.6 9.4-33.9 0L12.7 278.6c-9.4-9.4-9.4-24.6 0-33.9l22.2-22.2c9.5-9.5 25-9.3 34.3.4L184 343.4V56c0-13.3 10.7-24 24-24h32c13.3 0 24 10.7 24 24v287.4l114.8-120.5c9.3-9.8 24.8-10 34.3-.4z\"><\/path><\/svg><\/span>\n\t\t\t\t\t\t\t\t\t\t\t\t\t\t<\/span>\n\t\t\t\t\t\t\t\t\t\t\t\t<a class=\"elementor-accordion-title\" tabindex=\"0\">RELIGIOSO<\/a>\n\t\t\t\t\t<\/div>\n\t\t\t\t\t<div id=\"elementor-tab-content-2141\" class=\"elementor-tab-content elementor-clearfix\" data-tab=\"1\" role=\"region\" aria-labelledby=\"elementor-tab-title-2141\"><ul><li><p><strong>ABAD\u00cdA DEL NI\u00d1O DIOS<br \/><\/strong>Ruta 11 | 03436 \u2013\u00a0 42-1082 | Guiados 3436-573143<\/p><\/li><li><p><strong>BAS\u00cdLICA NUESTRA SE\u00d1ORA DE AR\u00c1NZAZU<br \/><\/strong>Ezpeleta 12 | 03436 \u2013 421122 | Guiados 3436-574708<\/p><\/li><li><p><strong>MIRADOR DE LA VIRGEN DE FATIMA<br \/><\/strong>Guiado: 03436 -440763<\/p><\/li><\/ul><\/div>\n\t\t\t\t<\/div>\n\t\t\t\t\t\t\t<div class=\"elementor-accordion-item\">\n\t\t\t\t\t<div id=\"elementor-tab-title-2142\" class=\"elementor-tab-title\" data-tab=\"2\" role=\"button\" aria-controls=\"elementor-tab-content-2142\" aria-expanded=\"false\">\n\t\t\t\t\t\t\t\t\t\t\t\t\t<span class=\"elementor-accordion-icon elementor-accordion-icon-left\" aria-hidden=\"true\">\n\t\t\t\t\t\t\t\t\t\t\t\t\t\t\t<span class=\"elementor-accordion-icon-closed\"><svg class=\"e-font-icon-svg e-fas-arrow-right\" viewBox=\"0 0 448 512\" xmlns=\"http:\/\/www.w3.org\/2000\/svg\"><path d=\"M190.5 66.9l22.2-22.2c9.4-9.4 24.6-9.4 33.9 0L441 239c9.4 9.4 9.4 24.6 0 33.9L246.6 467.3c-9.4 9.4-24.6 9.4-33.9 0l-22.2-22.2c-9.5-9.5-9.3-25 .4-34.3L311.4 296H24c-13.3 0-24-10.7-24-24v-32c0-13.3 10.7-24 24-24h287.4L190.9 101.2c-9.8-9.3-10-24.8-.4-34.3z\"><\/path><\/svg><\/span>\n\t\t\t\t\t\t\t\t<span class=\"elementor-accordion-icon-opened\"><svg class=\"e-font-icon-svg e-fas-arrow-down\" viewBox=\"0 0 448 512\" xmlns=\"http:\/\/www.w3.org\/2000\/svg\"><path d=\"M413.1 222.5l22.2 22.2c9.4 9.4 9.4 24.6 0 33.9L241 473c-9.4 9.4-24.6 9.4-33.9 0L12.7 278.6c-9.4-9.4-9.4-24.6 0-33.9l22.2-22.2c9.5-9.5 25-9.3 34.3.4L184 343.4V56c0-13.3 10.7-24 24-24h32c13.3 0 24 10.7 24 24v287.4l114.8-120.5c9.3-9.8 24.8-10 34.3-.4z\"><\/path><\/svg><\/span>\n\t\t\t\t\t\t\t\t\t\t\t\t\t\t<\/span>\n\t\t\t\t\t\t\t\t\t\t\t\t<a class=\"elementor-accordion-title\" tabindex=\"0\">PATRIMONIO HIST\u00d3RICO ARQUITECT\u00d3NICO<\/a>\n\t\t\t\t\t<\/div>\n\t\t\t\t\t<div id=\"elementor-tab-content-2142\" class=\"elementor-tab-content elementor-clearfix\" data-tab=\"2\" role=\"region\" aria-labelledby=\"elementor-tab-title-2142\"><ul><li><p>Conoc\u00e9 nuestros circuitos patrimoniales digitales ingresando <a href=\"http:\/\/victoriamiciudad.com.ar\/\" target=\"_blank\" rel=\"noopener\"><strong><em>AC\u00c1<\/em><\/strong><\/a><\/p><\/li><\/ul><\/div>\n\t\t\t\t<\/div>\n\t\t\t\t\t\t\t<div class=\"elementor-accordion-item\">\n\t\t\t\t\t<div id=\"elementor-tab-title-2143\" class=\"elementor-tab-title\" data-tab=\"3\" role=\"button\" aria-controls=\"elementor-tab-content-2143\" aria-expanded=\"false\">\n\t\t\t\t\t\t\t\t\t\t\t\t\t<span class=\"elementor-accordion-icon elementor-accordion-icon-left\" aria-hidden=\"true\">\n\t\t\t\t\t\t\t\t\t\t\t\t\t\t\t<span class=\"elementor-accordion-icon-closed\"><svg class=\"e-font-icon-svg e-fas-arrow-right\" viewBox=\"0 0 448 512\" xmlns=\"http:\/\/www.w3.org\/2000\/svg\"><path d=\"M190.5 66.9l22.2-22.2c9.4-9.4 24.6-9.4 33.9 0L441 239c9.4 9.4 9.4 24.6 0 33.9L246.6 467.3c-9.4 9.4-24.6 9.4-33.9 0l-22.2-22.2c-9.5-9.5-9.3-25 .4-34.3L311.4 296H24c-13.3 0-24-10.7-24-24v-32c0-13.3 10.7-24 24-24h287.4L190.9 101.2c-9.8-9.3-10-24.8-.4-34.3z\"><\/path><\/svg><\/span>\n\t\t\t\t\t\t\t\t<span class=\"elementor-accordion-icon-opened\"><svg class=\"e-font-icon-svg e-fas-arrow-down\" viewBox=\"0 0 448 512\" xmlns=\"http:\/\/www.w3.org\/2000\/svg\"><path d=\"M413.1 222.5l22.2 22.2c9.4 9.4 9.4 24.6 0 33.9L241 473c-9.4 9.4-24.6 9.4-33.9 0L12.7 278.6c-9.4-9.4-9.4-24.6 0-33.9l22.2-22.2c9.5-9.5 25-9.3 34.3.4L184 343.4V56c0-13.3 10.7-24 24-24h32c13.3 0 24 10.7 24 24v287.4l114.8-120.5c9.3-9.8 24.8-10 34.3-.4z\"><\/path><\/svg><\/span>\n\t\t\t\t\t\t\t\t\t\t\t\t\t\t<\/span>\n\t\t\t\t\t\t\t\t\t\t\t\t<a class=\"elementor-accordion-title\" tabindex=\"0\">GUIADOS<\/a>\n\t\t\t\t\t<\/div>\n\t\t\t\t\t<div id=\"elementor-tab-content-2143\" class=\"elementor-tab-content elementor-clearfix\" data-tab=\"3\" role=\"region\" aria-labelledby=\"elementor-tab-title-2143\"><ul><li><p><strong>VICTORIA RIDES AND ADVENTURE <br \/><\/strong>Huellas Del Inmigrante \u2013 Circuito guiado de esparcimiento\u00a0 \u2013 Aqu\u00ed Victoria \u2013 Victoria y sus Riquezas \u2013 \u201cSensaci\u00f3n de Vida\u201d \u2013 City tours por la ciudad<br \/>Bv. Brown y Bv. Pueyrredon | 03436-416279\/493538\/404488<\/p><\/li><li><p><strong>CITY TOUR<br \/><\/strong>* Contacto: Consultar Gu\u00edas Privados<br \/>* Recorrido por los distintos sitios tur\u00edsticos e hist\u00f3ricos de la ciudad<\/p><\/li><li><p><strong>GUIADOS OFICINA DE INFORMES TURISTICOS BASILICA<br \/><\/strong>3436 574708<\/p><\/li><li><p><strong>CIRCUITO DEL MISTERIO<br \/><\/strong>Historias, leyendas, misterio, ufolog\u00eda, paranormal y marchas con antorchas<br \/>Circuito Nocturno | 3436-618768<\/p><\/li><li><p><strong>CAZADORES DE TESORO<br \/><\/strong>Aventura en familia \u2013 Detectores de metales \u2013 Gu\u00eda especializada por lugares emblem\u00e1ticos de la ciudad<br \/>3436 493669<\/p><\/li><\/ul><\/div>\n\t\t\t\t<\/div>\n\t\t\t\t\t\t\t<div class=\"elementor-accordion-item\">\n\t\t\t\t\t<div id=\"elementor-tab-title-2144\" class=\"elementor-tab-title\" data-tab=\"4\" role=\"button\" aria-controls=\"elementor-tab-content-2144\" aria-expanded=\"false\">\n\t\t\t\t\t\t\t\t\t\t\t\t\t<span class=\"elementor-accordion-icon elementor-accordion-icon-left\" aria-hidden=\"true\">\n\t\t\t\t\t\t\t\t\t\t\t\t\t\t\t<span class=\"elementor-accordion-icon-closed\"><svg class=\"e-font-icon-svg e-fas-arrow-right\" viewBox=\"0 0 448 512\" xmlns=\"http:\/\/www.w3.org\/2000\/svg\"><path d=\"M190.5 66.9l22.2-22.2c9.4-9.4 24.6-9.4 33.9 0L441 239c9.4 9.4 9.4 24.6 0 33.9L246.6 467.3c-9.4 9.4-24.6 9.4-33.9 0l-22.2-22.2c-9.5-9.5-9.3-25 .4-34.3L311.4 296H24c-13.3 0-24-10.7-24-24v-32c0-13.3 10.7-24 24-24h287.4L190.9 101.2c-9.8-9.3-10-24.8-.4-34.3z\"><\/path><\/svg><\/span>\n\t\t\t\t\t\t\t\t<span class=\"elementor-accordion-icon-opened\"><svg class=\"e-font-icon-svg e-fas-arrow-down\" viewBox=\"0 0 448 512\" xmlns=\"http:\/\/www.w3.org\/2000\/svg\"><path d=\"M413.1 222.5l22.2 22.2c9.4 9.4 9.4 24.6 0 33.9L241 473c-9.4 9.4-24.6 9.4-33.9 0L12.7 278.6c-9.4-9.4-9.4-24.6 0-33.9l22.2-22.2c9.5-9.5 25-9.3 34.3.4L184 343.4V56c0-13.3 10.7-24 24-24h32c13.3 0 24 10.7 24 24v287.4l114.8-120.5c9.3-9.8 24.8-10 34.3-.4z\"><\/path><\/svg><\/span>\n\t\t\t\t\t\t\t\t\t\t\t\t\t\t<\/span>\n\t\t\t\t\t\t\t\t\t\t\t\t<a class=\"elementor-accordion-title\" tabindex=\"0\">GU\u00cdAS MATRICULADOS<\/a>\n\t\t\t\t\t<\/div>\n\t\t\t\t\t<div id=\"elementor-tab-content-2144\" class=\"elementor-tab-content elementor-clearfix\" data-tab=\"4\" role=\"region\" aria-labelledby=\"elementor-tab-title-2144\"><ul><li><p><strong>Albornoz, Roc\u00edo Ayel\u00e9n<\/strong> (Sitio Quinto Cuartel y General)<br \/>Contacto: 3436433078<\/p><\/li><li><p><strong>Aranguren, Mart\u00edn<\/strong> (Turismo Accesible)<br \/>Contacto: 3436613302<\/p><\/li><li><p><strong>Zeballos, Luciano<\/strong> (Sitio \u201cEl Potrero\u201d)<br \/>Contacto:3436402667<\/p><\/li><li><p><strong>Bauer, \u00c1ngela Ramona<\/strong> (General\/ sitio Abad\u00eda del Ni\u00f1o Dios)<br \/>Contacto: 3436445496<\/p><\/li><li><p><strong>Rold\u00e1n, Stela Maris<\/strong> (General\/ sitio Abad\u00eda del Ni\u00f1o Dios)<br \/>Contacto: 3436573143<\/p><\/li><li><p><strong>Gim\u00e9nez, Yamila Paola<\/strong> (General\/ Sitio Quinto Cuartel)<br \/>Contacto: 3436493538<\/p><\/li><li><p><strong>Pereyra, Jimena Melissa<\/strong> (General\/ Sitio Quinto Cuartel)<br \/>Contacto: 3436404488<\/p><\/li><li><p><strong>Castro, Tatiana Florencia<\/strong> (General)<br \/>Contacto: 3436440763<\/p><\/li><li><p><strong>Fiant, Andrea Cecilia<\/strong> (General)<br \/>Contacto: 3436610478<\/p><\/li><\/ul><\/div>\n\t\t\t\t<\/div>\n\t\t\t\t\t\t\t\t<\/div>\n\t\t\t\t\t\t<\/div>\n\t\t\t\t<\/div>\n\t\t\t\t\t<\/div>\n\t\t<\/div>\n\t\t\t\t\t<\/div>\n\t\t<\/section>\n\t\t\t\t<section class=\"elementor-section elementor-top-section elementor-element elementor-element-8b49004 elementor-section-height-min-height elementor-section-items-top elementor-section-content-middle elementor-section-boxed elementor-section-height-default\" data-id=\"8b49004\" data-element_type=\"section\" data-e-type=\"section\" data-settings=\"{&quot;background_background&quot;:&quot;classic&quot;}\">\n\t\t\t\t\t\t\t<div class=\"elementor-background-overlay\"><\/div>\n\t\t\t\t\t\t\t<div class=\"elementor-container elementor-column-gap-default\">\n\t\t\t\t\t<div class=\"elementor-column elementor-col-25 elementor-top-column elementor-element elementor-element-1679eac\" data-id=\"1679eac\" data-element_type=\"column\" data-e-type=\"column\">\n\t\t\t<div class=\"elementor-widget-wrap elementor-element-populated\">\n\t\t\t\t\t\t<div class=\"elementor-element elementor-element-9d132c1 elementor-widget elementor-widget-image\" data-id=\"9d132c1\" data-element_type=\"widget\" data-e-type=\"widget\" data-widget_type=\"image.default\">\n\t\t\t\t<div class=\"elementor-widget-container\">\n\t\t\t\t\t\t\t\t\t\t\t\t\t\t\t<img fetchpriority=\"high\" decoding=\"async\" width=\"800\" height=\"344\" src=\"https:\/\/victoria.tur.ar\/web\/wp-content\/uploads\/2023\/08\/er-1024x440.png\" class=\"attachment-large size-large wp-image-2711\" alt=\"\" srcset=\"https:\/\/victoria.tur.ar\/web\/wp-content\/uploads\/2023\/08\/er-1024x440.png 1024w, https:\/\/victoria.tur.ar\/web\/wp-content\/uploads\/2023\/08\/er-300x129.png 300w, https:\/\/victoria.tur.ar\/web\/wp-content\/uploads\/2023\/08\/er-768x330.png 768w, https:\/\/victoria.tur.ar\/web\/wp-content\/uploads\/2023\/08\/er-1536x661.png 1536w, https:\/\/victoria.tur.ar\/web\/wp-content\/uploads\/2023\/08\/er.png 1581w\" sizes=\"(max-width: 800px) 100vw, 800px\" \/>\t\t\t\t\t\t\t\t\t\t\t\t\t\t\t<\/div>\n\t\t\t\t<\/div>\n\t\t\t\t<div class=\"elementor-element elementor-element-582cea1 elementor-widget-divider--view-line elementor-widget elementor-widget-divider\" data-id=\"582cea1\" data-element_type=\"widget\" data-e-type=\"widget\" data-widget_type=\"divider.default\">\n\t\t\t\t<div class=\"elementor-widget-container\">\n\t\t\t\t\t\t\t<div class=\"elementor-divider\">\n\t\t\t<span class=\"elementor-divider-separator\">\n\t\t\t\t\t\t<\/span>\n\t\t<\/div>\n\t\t\t\t\t\t<\/div>\n\t\t\t\t<\/div>\n\t\t\t\t\t<\/div>\n\t\t<\/div>\n\t\t\t\t<div class=\"elementor-column elementor-col-25 elementor-top-column elementor-element elementor-element-41c92b8\" data-id=\"41c92b8\" data-element_type=\"column\" data-e-type=\"column\">\n\t\t\t<div class=\"elementor-widget-wrap elementor-element-populated\">\n\t\t\t\t\t\t<div class=\"elementor-element elementor-element-0146a09 elementor-widget elementor-widget-image\" data-id=\"0146a09\" data-element_type=\"widget\" data-e-type=\"widget\" data-widget_type=\"image.default\">\n\t\t\t\t<div class=\"elementor-widget-container\">\n\t\t\t\t\t\t\t\t\t\t\t\t\t\t\t<img decoding=\"async\" width=\"800\" height=\"344\" src=\"https:\/\/victoria.tur.ar\/web\/wp-content\/uploads\/2023\/08\/mdv-1024x440.png\" class=\"attachment-large size-large wp-image-2706\" alt=\"\" srcset=\"https:\/\/victoria.tur.ar\/web\/wp-content\/uploads\/2023\/08\/mdv-1024x440.png 1024w, https:\/\/victoria.tur.ar\/web\/wp-content\/uploads\/2023\/08\/mdv-300x129.png 300w, https:\/\/victoria.tur.ar\/web\/wp-content\/uploads\/2023\/08\/mdv-768x330.png 768w, https:\/\/victoria.tur.ar\/web\/wp-content\/uploads\/2023\/08\/mdv-1536x661.png 1536w, https:\/\/victoria.tur.ar\/web\/wp-content\/uploads\/2023\/08\/mdv.png 1581w\" sizes=\"(max-width: 800px) 100vw, 800px\" \/>\t\t\t\t\t\t\t\t\t\t\t\t\t\t\t<\/div>\n\t\t\t\t<\/div>\n\t\t\t\t<div class=\"elementor-element elementor-element-23deb4c elementor-widget-divider--view-line elementor-widget elementor-widget-divider\" data-id=\"23deb4c\" data-element_type=\"widget\" data-e-type=\"widget\" data-widget_type=\"divider.default\">\n\t\t\t\t<div class=\"elementor-widget-container\">\n\t\t\t\t\t\t\t<div class=\"elementor-divider\">\n\t\t\t<span class=\"elementor-divider-separator\">\n\t\t\t\t\t\t<\/span>\n\t\t<\/div>\n\t\t\t\t\t\t<\/div>\n\t\t\t\t<\/div>\n\t\t\t\t\t<\/div>\n\t\t<\/div>\n\t\t\t\t<div class=\"elementor-column elementor-col-25 elementor-top-column elementor-element elementor-element-84db7c2\" data-id=\"84db7c2\" data-element_type=\"column\" data-e-type=\"column\">\n\t\t\t<div class=\"elementor-widget-wrap elementor-element-populated\">\n\t\t\t\t\t\t<div class=\"elementor-element elementor-element-f92d8fd elementor-widget elementor-widget-image\" data-id=\"f92d8fd\" data-element_type=\"widget\" data-e-type=\"widget\" data-widget_type=\"image.default\">\n\t\t\t\t<div class=\"elementor-widget-container\">\n\t\t\t\t\t\t\t\t\t\t\t\t\t\t\t<img decoding=\"async\" width=\"800\" height=\"344\" src=\"https:\/\/victoria.tur.ar\/web\/wp-content\/uploads\/2023\/08\/tur-mdv-1024x440.png\" class=\"attachment-large size-large wp-image-2707\" alt=\"\" srcset=\"https:\/\/victoria.tur.ar\/web\/wp-content\/uploads\/2023\/08\/tur-mdv-1024x440.png 1024w, https:\/\/victoria.tur.ar\/web\/wp-content\/uploads\/2023\/08\/tur-mdv-300x129.png 300w, https:\/\/victoria.tur.ar\/web\/wp-content\/uploads\/2023\/08\/tur-mdv-768x330.png 768w, https:\/\/victoria.tur.ar\/web\/wp-content\/uploads\/2023\/08\/tur-mdv-1536x661.png 1536w, https:\/\/victoria.tur.ar\/web\/wp-content\/uploads\/2023\/08\/tur-mdv.png 1581w\" sizes=\"(max-width: 800px) 100vw, 800px\" \/>\t\t\t\t\t\t\t\t\t\t\t\t\t\t\t<\/div>\n\t\t\t\t<\/div>\n\t\t\t\t<div class=\"elementor-element elementor-element-42c245e elementor-widget-divider--view-line elementor-widget elementor-widget-divider\" data-id=\"42c245e\" data-element_type=\"widget\" data-e-type=\"widget\" data-widget_type=\"divider.default\">\n\t\t\t\t<div class=\"elementor-widget-container\">\n\t\t\t\t\t\t\t<div class=\"elementor-divider\">\n\t\t\t<span class=\"elementor-divider-separator\">\n\t\t\t\t\t\t<\/span>\n\t\t<\/div>\n\t\t\t\t\t\t<\/div>\n\t\t\t\t<\/div>\n\t\t\t\t\t<\/div>\n\t\t<\/div>\n\t\t\t\t<div class=\"elementor-column elementor-col-25 elementor-top-column elementor-element elementor-element-3b3db74\" data-id=\"3b3db74\" data-element_type=\"column\" data-e-type=\"column\">\n\t\t\t<div class=\"elementor-widget-wrap elementor-element-populated\">\n\t\t\t\t\t\t<div class=\"elementor-element elementor-element-b6526bd elementor-widget elementor-widget-image\" data-id=\"b6526bd\" data-element_type=\"widget\" data-e-type=\"widget\" data-widget_type=\"image.default\">\n\t\t\t\t<div class=\"elementor-widget-container\">\n\t\t\t\t\t\t\t\t\t\t\t\t\t\t\t<img loading=\"lazy\" decoding=\"async\" width=\"800\" height=\"344\" src=\"https:\/\/victoria.tur.ar\/web\/wp-content\/uploads\/2023\/08\/car-mdv-1024x440.png\" class=\"attachment-large size-large wp-image-2709\" alt=\"\" srcset=\"https:\/\/victoria.tur.ar\/web\/wp-content\/uploads\/2023\/08\/car-mdv-1024x440.png 1024w, https:\/\/victoria.tur.ar\/web\/wp-content\/uploads\/2023\/08\/car-mdv-300x129.png 300w, https:\/\/victoria.tur.ar\/web\/wp-content\/uploads\/2023\/08\/car-mdv-768x330.png 768w, https:\/\/victoria.tur.ar\/web\/wp-content\/uploads\/2023\/08\/car-mdv-1536x661.png 1536w, https:\/\/victoria.tur.ar\/web\/wp-content\/uploads\/2023\/08\/car-mdv.png 1581w\" sizes=\"(max-width: 800px) 100vw, 800px\" \/>\t\t\t\t\t\t\t\t\t\t\t\t\t\t\t<\/div>\n\t\t\t\t<\/div>\n\t\t\t\t<div class=\"elementor-element elementor-element-3f2cb76 elementor-widget-divider--view-line elementor-widget elementor-widget-divider\" data-id=\"3f2cb76\" data-element_type=\"widget\" data-e-type=\"widget\" data-widget_type=\"divider.default\">\n\t\t\t\t<div class=\"elementor-widget-container\">\n\t\t\t\t\t\t\t<div class=\"elementor-divider\">\n\t\t\t<span class=\"elementor-divider-separator\">\n\t\t\t\t\t\t<\/span>\n\t\t<\/div>\n\t\t\t\t\t\t<\/div>\n\t\t\t\t<\/div>\n\t\t\t\t\t<\/div>\n\t\t<\/div>\n\t\t\t\t\t<\/div>\n\t\t<\/section>\n\t\t\t\t<\/div>\n\t\t","protected":false},"excerpt":{"rendered":"<p>HIST\u00d3RICA EXPERIENCIA:\u00a0SITIOS EMBLEM\u00c1TICOS DE LA CIUDAD \u2013 GUIADOS PERSONALIZADOS Concebida al m\u00e1s puro estilo espa\u00f1ol, la ciudad cuenta con un casco hist\u00f3rico declarado \u201cBien de Inter\u00e9s Hist\u00f3rico Nacional\u201d por\u00a0Ley Nacional &#8230;<\/p>\n","protected":false},"author":5,"featured_media":0,"parent":0,"menu_order":0,"comment_status":"closed","ping_status":"closed","template":"elementor_header_footer","meta":{"footnotes":""},"class_list":["post-3120","page","type-page","status-publish","hentry"],"_links":{"self":[{"href":"https:\/\/victoria.tur.ar\/web\/wp-json\/wp\/v2\/pages\/3120","targetHints":{"allow":["GET"]}}],"collection":[{"href":"https:\/\/victoria.tur.ar\/web\/wp-json\/wp\/v2\/pages"}],"about":[{"href":"https:\/\/victoria.tur.ar\/web\/wp-json\/wp\/v2\/types\/page"}],"author":[{"embeddable":true,"href":"https:\/\/victoria.tur.ar\/web\/wp-json\/wp\/v2\/users\/5"}],"replies":[{"embeddable":true,"href":"https:\/\/victoria.tur.ar\/web\/wp-json\/wp\/v2\/comments?post=3120"}],"version-history":[{"count":4,"href":"https:\/\/victoria.tur.ar\/web\/wp-json\/wp\/v2\/pages\/3120\/revisions"}],"predecessor-version":[{"id":3133,"href":"https:\/\/victoria.tur.ar\/web\/wp-json\/wp\/v2\/pages\/3120\/revisions\/3133"}],"wp:attachment":[{"href":"https:\/\/victoria.tur.ar\/web\/wp-json\/wp\/v2\/media?parent=3120"}],"curies":[{"name":"wp","href":"https:\/\/api.w.org\/{rel}","templated":true}]}}