{"id":2824,"date":"2023-10-30T11:50:50","date_gmt":"2023-10-30T11:50:50","guid":{"rendered":"http:\/\/victoria.tur.ar\/web\/?page_id=2824"},"modified":"2023-12-07T03:17:48","modified_gmt":"2023-12-07T03:17:48","slug":"informes-y-servicios-anterior","status":"publish","type":"page","link":"https:\/\/victoria.tur.ar\/web\/informes-y-servicios-anterior\/","title":{"rendered":"Informes y Servicios"},"content":{"rendered":"\n<div class=\"wp-block-columns is-layout-flex wp-container-core-columns-is-layout-9d6595d7 wp-block-columns-is-layout-flex\">\n<div class=\"wp-block-column is-layout-flow wp-block-column-is-layout-flow\">\n<p><strong><mark style=\"background-color:rgba(0, 0, 0, 0)\" class=\"has-inline-color has-vivid-red-color\">CENTROS DE SALUD<\/mark><\/strong><\/p>\n\n\n\n<p><strong>HOSPITAL FERM\u00cdN V. SALAVERRY<\/strong><\/p>\n\n\n\n<p>M. Oberti de Basualdo 349<\/p>\n\n\n\n<p>03436\/423200<\/p>\n\n\n\n<p><strong>POLICL\u00cdNICO VICTORIA<\/strong><\/p>\n\n\n\n<p>San Mart\u00edn 96<\/p>\n\n\n\n<p>03436\/42 1305<\/p>\n\n\n\n<p><strong><mark style=\"background-color:rgba(0, 0, 0, 0)\" class=\"has-inline-color has-vivid-red-color\">FARMACIAS<\/mark><\/strong><\/p>\n\n\n\n<p>FARMACIAS DE TURNO<\/p>\n\n\n\n<p>Ver: C\u00edrculo Farmac\u00e9utico Victoria<\/p>\n\n\n\n<p><strong>BICENTENARIO<\/strong><\/p>\n\n\n\n<p>ESPA\u00d1A N\u00ba 461&nbsp;<\/p>\n\n\n\n<p>427676<\/p>\n\n\n\n<p><strong>BUZZI&nbsp;&nbsp;&nbsp;<\/strong><\/p>\n\n\n\n<p>PERON 150&nbsp;&nbsp;&nbsp;&nbsp;&nbsp;&nbsp;&nbsp;&nbsp;&nbsp;<\/p>\n\n\n\n<p>423786<\/p>\n\n\n\n<p><strong>CAMPA\u00d1ARO&nbsp;&nbsp;&nbsp;<\/strong><\/p>\n\n\n\n<p>CONGRESO N\u00ba 599 &nbsp;&nbsp;&nbsp;&nbsp;&nbsp;&nbsp;&nbsp;&nbsp;<\/p>\n\n\n\n<p>421061<\/p>\n\n\n\n<p><strong>DE LA CIUDAD<\/strong>&nbsp;&nbsp;<\/p>\n\n\n\n<p>25 DE MAYO N\u00ba 322&nbsp;&nbsp;&nbsp;&nbsp;&nbsp;&nbsp;&nbsp;<\/p>\n\n\n\n<p>426266<\/p>\n\n\n\n<p><strong>DEL AGUILA&nbsp;&nbsp;&nbsp;&nbsp;&nbsp;&nbsp;<\/strong><\/p>\n\n\n\n<p>ITALIA Y ESPA\u00d1A &nbsp;&nbsp;&nbsp;&nbsp;&nbsp;&nbsp;&nbsp;&nbsp;&nbsp;&nbsp;&nbsp;&nbsp;&nbsp;<\/p>\n\n\n\n<p>421600<\/p>\n\n\n\n<p><strong>DEL CENTRO&nbsp;&nbsp;&nbsp;&nbsp;&nbsp;&nbsp;<\/strong><\/p>\n\n\n\n<p>MAIPU Y PTE PERON<\/p>\n\n\n\n<p>421605<\/p>\n\n\n\n<p><strong>DEL LITORAL&nbsp;&nbsp;&nbsp;&nbsp;&nbsp;&nbsp;<\/strong><\/p>\n\n\n\n<p>SARMIENTO N\u00ba 501 &nbsp;&nbsp;&nbsp;&nbsp;&nbsp;&nbsp;&nbsp;<\/p>\n\n\n\n<p>421411<\/p>\n\n\n\n<p><strong>DORREGO<\/strong><\/p>\n\n\n\n<p>DORREGO Y MONTENEGRO&nbsp;&nbsp;&nbsp;&nbsp;&nbsp;&nbsp;&nbsp;<\/p>\n\n\n\n<p>424111<\/p>\n\n\n\n<p><strong>ENTRE RIOS&nbsp;&nbsp;&nbsp;&nbsp;&nbsp;&nbsp;&nbsp;<\/strong><\/p>\n\n\n\n<p>RAWSON N\u00ba 78 &nbsp;&nbsp;&nbsp;&nbsp;&nbsp;&nbsp;&nbsp;&nbsp;&nbsp;&nbsp;&nbsp;&nbsp;&nbsp;&nbsp;&nbsp;<\/p>\n\n\n\n<p>421119<\/p>\n\n\n\n<p><strong>FATIMA<\/strong><\/p>\n\n\n\n<p>COPELLO Y GDOR SOLA&nbsp;<\/p>\n\n\n\n<p>427859<\/p>\n\n\n\n<p><strong>MAIOCCO&nbsp;&nbsp;&nbsp;&nbsp;&nbsp;&nbsp;&nbsp;&nbsp;&nbsp;&nbsp;<\/strong><\/p>\n\n\n\n<p>LAPRIDA N\u00ba 229&nbsp;&nbsp;&nbsp;&nbsp;&nbsp;&nbsp;&nbsp;&nbsp;&nbsp;&nbsp;&nbsp;&nbsp;&nbsp;&nbsp;&nbsp;<\/p>\n\n\n\n<p>426799<\/p>\n\n\n\n<p><strong>OVIEDO&nbsp;&nbsp;&nbsp;&nbsp;&nbsp;&nbsp;&nbsp;&nbsp;&nbsp;&nbsp;&nbsp;&nbsp;&nbsp;&nbsp;&nbsp;<\/strong><\/p>\n\n\n\n<p>YRIGOYEN Y MAIPU &nbsp;&nbsp;&nbsp;&nbsp;&nbsp;&nbsp;&nbsp;<\/p>\n\n\n\n<p>421115<\/p>\n\n\n\n<p><strong>PIAGGIO&nbsp;&nbsp;&nbsp;&nbsp;&nbsp;&nbsp;&nbsp;&nbsp;&nbsp;&nbsp;&nbsp;&nbsp;&nbsp;<\/strong><\/p>\n\n\n\n<p>SAN MIGUEL Y PIAGGIO<\/p>\n\n\n\n<p>422544<\/p>\n\n\n\n<p><strong>RAUSCH<\/strong>&nbsp;&nbsp;&nbsp;&nbsp;&nbsp;&nbsp;&nbsp;&nbsp;&nbsp;&nbsp;&nbsp;&nbsp;&nbsp;&nbsp;<\/p>\n\n\n\n<p>VELEZ SARSFIELD Y SAN LORENZO&nbsp;&nbsp;&nbsp;&nbsp;&nbsp;&nbsp;&nbsp;&nbsp;&nbsp;&nbsp;&nbsp;&nbsp;<\/p>\n\n\n\n<p>425235<\/p>\n\n\n\n<p><strong>ROSSI<\/strong><\/p>\n\n\n\n<p>9 DE JULIO 213&nbsp;&nbsp;<\/p>\n\n\n\n<p>423018<\/p>\n\n\n\n<p><strong>VICTORIA<\/strong><\/p>\n\n\n\n<p>25 DE MAYO N\u00ba 150&nbsp;&nbsp;&nbsp;&nbsp;&nbsp;&nbsp;&nbsp;<\/p>\n\n\n\n<p>421443<\/p>\n\n\n\n\n\n\n\n\n<\/div>\n\n\n\n<div class=\"wp-block-column is-layout-flow wp-block-column-is-layout-flow\">\n<p><strong><mark style=\"background-color:rgba(0, 0, 0, 0)\" class=\"has-inline-color has-vivid-red-color\">ESTACIONES DE SERVICIO<\/mark><\/strong><\/p>\n\n\n\n<p><strong>YPF <\/strong>&nbsp;<\/p>\n\n\n\n<p>Bv. Eva Per\u00f3n y 25 de Mayo<\/p>\n\n\n\n<p><strong>SHELL<\/strong><\/p>\n\n\n\n<p>25 de Mayo y Larrea \/\/ Piaggio y Espa\u00f1a<\/p>\n\n\n\n<p><strong>TEXOM<\/strong><\/p>\n\n\n\n<p>Bv. Pueyrred\u00f3n y Ruta 26<\/p>\n\n\n\n<p><strong>GNC<\/strong><\/p>\n\n\n\n<p>San Miguel y Bv. Brown<\/p>\n\n\n\n<p><strong><mark style=\"background-color:rgba(0, 0, 0, 0)\" class=\"has-inline-color has-vivid-red-color\">AUXILIO<\/mark><\/strong><\/p>\n\n\n\n<p><strong>GR\u00daAS<\/strong><\/p>\n\n\n\n<p>(GENNARO) 3436-570448<\/p>\n\n\n\n<p><strong>MEC\u00c1NICA <\/strong>&nbsp;<\/p>\n\n\n\n<p>(LM) 3436-447884<\/p>\n\n\n\n<p><strong>BATER\u00cdAS<\/strong><\/p>\n\n\n\n<p>(LR) 3436-614873<\/p>\n\n\n\n<p><strong>GOMER\u00cdAS 24 HS<\/strong><\/p>\n\n\n\n<p>\u201cLOS AMIGOS\u201d<\/p>\n\n\n\n<p>Chacabuco 179 (casi Piaggio)<\/p>\n\n\n\n<p>3436-455703<\/p>\n\n\n\n<p><strong>\u201cEL TATA\u201d&nbsp;<\/strong><\/p>\n\n\n\n<p>&nbsp;Alem 357 (casi Lamadrid)<\/p>\n\n\n\n<p>&nbsp;3436-497766<\/p>\n\n\n\n<p><strong>\u201cDON JUAN\u201d&nbsp;<\/strong><\/p>\n\n\n\n<p>&nbsp;Bartoloni y Cuneo<\/p>\n\n\n\n<p>3436 444663<\/p>\n\n\n\n<p><strong><mark style=\"background-color:rgba(0, 0, 0, 0)\" class=\"has-inline-color has-vivid-red-color\">TIENDAS DE ALIMENTOS 24 hs<\/mark><\/strong><\/p>\n\n\n\n<p><strong>EL CHASKY 24HS<\/strong><\/p>\n\n\n\n<p>Av. Congreso 590<\/p>\n\n\n\n<p>3436466314<\/p>\n\n\n\n<p><strong>MEME<\/strong><\/p>\n\n\n\n<p>9 de Julio y Pte. Per\u00f3n<\/p>\n\n\n\n<p>3436 434136<\/p>\n\n\n\n<p><strong>CHITAZU<\/strong><\/p>\n\n\n\n<p>Italia y Montenegro<\/p>\n\n\n\n<p><strong>PANADER\u00cdA VICTORIA<\/strong><\/p>\n\n\n\n<p>Av. Congreso y Ab\u00e1solo<\/p>\n\n\n\n<p><strong>SHELL SHOP<\/strong><\/p>\n\n\n\n<p>Piaggio y Espa\u00f1a<\/p>\n\n\n\n<p><strong>SUPERMERCADO DIA<\/strong><\/p>\n\n\n\n<p>9 de Julio 150<\/p>\n\n\n\n<p><strong><mark style=\"background-color:rgba(0, 0, 0, 0)\" class=\"has-inline-color has-vivid-red-color\">CAJEROS \u2013 BANCOS<\/mark><\/strong><\/p>\n\n\n\n<p><strong>BANCO NACI\u00d3N<\/strong><\/p>\n\n\n\n<p>Italia 452<\/p>\n\n\n\n<p><strong>BANCO ENTRE R\u00cdOS<\/strong><\/p>\n\n\n\n<p>Ezpeleta 2<\/p>\n\n\n\n<p><strong>BANCO SANTANDER RIO<\/strong><\/p>\n\n\n\n<p>Ezpeleta 76<\/p>\n\n\n\n<p><strong><mark style=\"background-color:rgba(0, 0, 0, 0)\" class=\"has-inline-color has-vivid-red-color\">INFORMES TUR\u00cdSTICOS<\/mark><\/strong><\/p>\n\n\n\n<p><strong>OFICINA EX TIRO FEDERAL<\/strong><\/p>\n\n\n\n<p>25 de Mayo y Bv. Eva Per\u00f3n<\/p>\n\n\n\n<p>03436 421885<\/p>\n\n\n\n<p>3436 574923<\/p>\n\n\n\n<p><strong>OFICINA BAS\u00cdLICA NTRA. SRA. DE AR\u00c1NZAZU<\/strong><\/p>\n\n\n\n<p>Ezpeleta 12<\/p>\n\n\n\n<p>03436 15574708<\/p>\n<\/div>\n\n\n\n<div class=\"wp-block-column is-layout-flow wp-block-column-is-layout-flow\">\n<p><strong><mark style=\"background-color:rgba(0, 0, 0, 0)\" class=\"has-inline-color has-vivid-red-color\">EMPRESAS DE TAXIS \/ REMIS<\/mark><\/strong><\/p>\n\n\n\n<p><strong>TAXI LIBRE<\/strong><\/p>\n\n\n\n<p>03436\/15616601\/15449000&nbsp;<\/p>\n\n\n\n<p><strong>TAXI SERVICOOP&nbsp;&nbsp;<\/strong><\/p>\n\n\n\n<p>03436\/15405691\/15453261<\/p>\n\n\n\n<p><strong>TU TAXI<\/strong><\/p>\n\n\n\n<p>03436\/15616143\/427534&nbsp;<\/p>\n\n\n\n<p><strong>TAXI ABAD\u00cdA<\/strong><\/p>\n\n\n\n<p>03436\/15470519&nbsp;<\/p>\n\n\n\n<p><strong>TAXI SIETE COLINAS&nbsp;<\/strong><\/p>\n\n\n\n<p>03436\/ 15610747<\/p>\n\n\n\n<p><strong>TAXI SEGURO<\/strong><\/p>\n\n\n\n<p>03436\/15434449\/15412241<\/p>\n\n\n\n<p><strong>RADIO TAXI<\/strong><\/p>\n\n\n\n<p>03436\/15434449 \/ 422123<\/p>\n\n\n\n<p><strong>LA GUARDIA (TAXI\/REMIS)<\/strong><\/p>\n\n\n\n<p>03436\/15573187 \/ 15613893<\/p>\n\n\n\n<p><strong>REMIS VICTORIA<\/strong><\/p>\n\n\n\n<p>03436\/15519213\/ 425211<\/p>\n\n\n\n<p><strong><mark style=\"background-color:rgba(0, 0, 0, 0)\" class=\"has-inline-color has-vivid-red-color\">TEL\u00c9FONOS \u00daTILES<\/mark><\/strong><\/p>\n\n\n\n<p><strong>POLIC\u00cdA<\/strong><\/p>\n\n\n\n<p>101<\/p>\n\n\n\n<p><strong>BOMBEROS<\/strong><\/p>\n\n\n\n<p>100<\/p>\n\n\n\n<p><strong>EMERGENCIAS<\/strong><\/p>\n\n\n\n<p>107<\/p>\n\n\n\n<p><strong>ATENCI\u00d3N AL VECINO<\/strong><\/p>\n\n\n\n<p>147<\/p>\n\n\n\n<p><strong>PREFECTURA<\/strong><\/p>\n\n\n\n<p>106 \u2013 03436\/421467<\/p>\n\n\n\n<p><strong><mark style=\"background-color:rgba(0, 0, 0, 0)\" class=\"has-inline-color has-vivid-red-color\">RADIOS<\/mark><\/strong><\/p>\n\n\n\n<p><strong>LIBERTAD (FM 92.1)<\/strong><\/p>\n\n\n\n<p>Larrea 521<\/p>\n\n\n\n<p>03436\/422910<\/p>\n\n\n\n<p><strong>PUENTE (FM 101.3)<\/strong><\/p>\n\n\n\n<p>Espa\u00f1a e\/Mitre y Pte. Per\u00f3n<\/p>\n\n\n\n<p>03436\/423013<\/p>\n\n\n\n<p><strong>RADIO VICTORIA (FM 90.3\/ LT39)<\/strong><\/p>\n\n\n\n<p>Sarmiento 474<\/p>\n\n\n\n<p>03436\/427676<\/p>\n<\/div>\n<\/div>\n","protected":false},"excerpt":{"rendered":"<p>CENTROS DE SALUD HOSPITAL FERM\u00cdN V. SALAVERRY M. Oberti de Basualdo 349 03436\/423200 POLICL\u00cdNICO VICTORIA San Mart\u00edn 96 03436\/42 1305 FARMACIAS FARMACIAS DE TURNO Ver: C\u00edrculo Farmac\u00e9utico Victoria BICENTENARIO ESPA\u00d1A &#8230;<\/p>\n","protected":false},"author":2,"featured_media":1806,"parent":0,"menu_order":0,"comment_status":"closed","ping_status":"closed","template":"template-fullwidth.php","meta":{"footnotes":""},"class_list":["post-2824","page","type-page","status-publish","has-post-thumbnail","hentry"],"_links":{"self":[{"href":"https:\/\/victoria.tur.ar\/web\/wp-json\/wp\/v2\/pages\/2824","targetHints":{"allow":["GET"]}}],"collection":[{"href":"https:\/\/victoria.tur.ar\/web\/wp-json\/wp\/v2\/pages"}],"about":[{"href":"https:\/\/victoria.tur.ar\/web\/wp-json\/wp\/v2\/types\/page"}],"author":[{"embeddable":true,"href":"https:\/\/victoria.tur.ar\/web\/wp-json\/wp\/v2\/users\/2"}],"replies":[{"embeddable":true,"href":"https:\/\/victoria.tur.ar\/web\/wp-json\/wp\/v2\/comments?post=2824"}],"version-history":[{"count":7,"href":"https:\/\/victoria.tur.ar\/web\/wp-json\/wp\/v2\/pages\/2824\/revisions"}],"predecessor-version":[{"id":2971,"href":"https:\/\/victoria.tur.ar\/web\/wp-json\/wp\/v2\/pages\/2824\/revisions\/2971"}],"wp:featuredmedia":[{"embeddable":true,"href":"https:\/\/victoria.tur.ar\/web\/wp-json\/wp\/v2\/media\/1806"}],"wp:attachment":[{"href":"https:\/\/victoria.tur.ar\/web\/wp-json\/wp\/v2\/media?parent=2824"}],"curies":[{"name":"wp","href":"https:\/\/api.w.org\/{rel}","templated":true}]}}