{"id":2813,"date":"2023-10-30T11:46:06","date_gmt":"2023-10-30T11:46:06","guid":{"rendered":"http:\/\/victoria.tur.ar\/web\/?page_id=2813"},"modified":"2023-12-07T03:18:28","modified_gmt":"2023-12-07T03:18:28","slug":"recreativa-anterior","status":"publish","type":"page","link":"https:\/\/victoria.tur.ar\/web\/recreativa-anterior\/","title":{"rendered":"Recreativa"},"content":{"rendered":"\n<p class=\"has-text-align-center\">Un lugar donde se conjuga una propuesta tur\u00edstica orientada a la diversi\u00f3n y el esparcimiento para grandes y chicos. Parques naturales, bodegas y vi\u00f1edos, termas, playas, golf, casino, entre otros, en una ciudad con muchas opciones y cerca de todo por su privilegiada ubicaci\u00f3n y conectividad.<\/p>\n\n\n\n<div class=\"wp-block-columns is-layout-flex wp-container-core-columns-is-layout-9d6595d7 wp-block-columns-is-layout-flex\">\n<div class=\"wp-block-column is-layout-flow wp-block-column-is-layout-flow\">\n<p><strong><mark style=\"background-color:rgba(0, 0, 0, 0)\" class=\"has-inline-color has-vivid-red-color\">FERIAS Y PASEOS DE ARTESANOS<\/mark><\/strong><\/p>\n\n\n\n<p><strong>FERIA DE ARTESANOS<\/strong><\/p>\n\n\n\n<p>Plaza San Martin<\/p>\n\n\n\n<p><strong>FERIA MANOS VICTORIENSES<\/strong><\/p>\n\n\n\n<p>Av. Costanera y G\u00fcemes&nbsp;&nbsp;&nbsp;&nbsp;&nbsp;&nbsp;&nbsp;&nbsp;&nbsp;&nbsp;&nbsp;&nbsp;&nbsp;&nbsp;&nbsp;&nbsp;<\/p>\n\n\n\n<p>03436 &#8211; 15574843<\/p>\n\n\n\n<p><strong><mark style=\"background-color:rgba(0, 0, 0, 0)\" class=\"has-inline-color has-vivid-red-color\">GOLF<\/mark><\/strong><\/p>\n\n\n\n<p><strong>CAMPO Y GOLF<\/strong><\/p>\n\n\n\n<p>Ruta 11 km 108<\/p>\n\n\n\n<p>3436 428470<\/p>\n\n\n\n<p><strong>VICTORIA GOLF COUNTRY CLUB<\/strong><\/p>\n\n\n\n<p>Ruta 11, Km. 106<\/p>\n\n\n\n<p>03436 425406<\/p>\n\n\n\n<p><strong>REFUGIOS DE VICTORIA<\/strong><\/p>\n\n\n\n<p>Ruta 26 (el ceibo)<\/p>\n\n\n\n<p>3436 449222<\/p>\n\n\n\n<p><mark style=\"background-color:rgba(0, 0, 0, 0)\" class=\"has-inline-color has-vivid-red-color\"><strong>PARQUES Y\u00a0 PLAZAS PARA LA FAMILIA<\/strong><\/mark><\/p>\n\n\n\n<p><strong>PLAZA SAN MARTIN<\/strong><\/p>\n\n\n\n<p>Av. Congreso, Ezpeleta, Sarmiento, San Martin<\/p>\n\n\n\n<p><strong>PLAZA MARIANO MORENO<\/strong><\/p>\n\n\n\n<p>Av. Congreso, Rawson, Italia, Suipacha<\/p>\n\n\n\n<p><strong>PLAZA LIBERTAD<\/strong><\/p>\n\n\n\n<p>Alem, G\u00fcemes, San Martin, Lamadrid,<\/p>\n\n\n\n<p><strong>PLAZA MERCEDITAS<\/strong><\/p>\n\n\n\n<p>Pte. Per\u00f3n, Rocamora<\/p>\n\n\n\n<p><strong>PLAZA XX DE SEPTIEMBRE 5TO CUARTEL<\/strong> &nbsp;<\/p>\n\n\n\n<p>Los Vascos, Carlos Reggiardo, Prefectura Naval Argentina y G\u00e9nova<\/p>\n\n\n\n<p><strong>PLAZOLETA GASPAR L. BENAVENTO<\/strong><\/p>\n\n\n\n<p>Avenida Costanera<\/p>\n\n\n\n<p><strong>PARQUE DEL PUERTO<\/strong><\/p>\n\n\n\n<p>&nbsp;Zona puerto<\/p>\n\n\n\n<p><strong>PLAZOLETA FRANCISCO ARCE<\/strong><\/p>\n\n\n\n<p>&nbsp;\u00c1ngel Balbi, Larrea, Lamadrid<\/p>\n\n\n\n<p><strong>PLAZOLETA DE LOS INMIGRANTES<\/strong><\/p>\n\n\n\n<p>&nbsp;5to Cuartel<\/p>\n<\/div>\n\n\n\n<div class=\"wp-block-column is-layout-flow wp-block-column-is-layout-flow\">\n<p><strong><mark style=\"background-color:rgba(0, 0, 0, 0)\" class=\"has-inline-color has-vivid-red-color\">DIVERSI\u00d3N <\/mark><\/strong><\/p>\n\n\n\n<p><strong>CASINO VICTORIA<\/strong><\/p>\n\n\n\n<p>Av. Cesar Jaroslavsky 71&nbsp;&nbsp;&nbsp;&nbsp;&nbsp;&nbsp;&nbsp;&nbsp;&nbsp;&nbsp;&nbsp;&nbsp;&nbsp;&nbsp;&nbsp;<\/p>\n\n\n\n<p>0800-777-2274<\/p>\n\n\n\n<p><strong>PARQUE DE DIVERSIONES \u201cDIVERTORIA<\/strong>\u201d<\/p>\n\n\n\n<p>Gualeguaych\u00fa y Av. Esteban Lonne&nbsp;&nbsp;&nbsp;&nbsp;&nbsp;&nbsp;&nbsp;&nbsp;&nbsp;&nbsp;&nbsp;&nbsp;<\/p>\n\n\n\n<p>&nbsp;3436\/618498<\/p>\n\n\n\n<p><strong>LA CASONA DE LOS JUEGOS<\/strong><\/p>\n\n\n\n<p>Laprida 632&nbsp;&nbsp;&nbsp;&nbsp;&nbsp;&nbsp;&nbsp;&nbsp;&nbsp;&nbsp;&nbsp;&nbsp;&nbsp;&nbsp;<\/p>\n\n\n\n<p>&nbsp;03436 &#8211; 15614614<\/p>\n\n\n\n<p><strong>EL GALP\u00d3N BOWLING<\/strong><\/p>\n\n\n\n<p>Montenegro 185<\/p>\n<\/div>\n\n\n\n<div class=\"wp-block-column is-layout-flow wp-block-column-is-layout-flow\">\n<p><strong>PARQUE ACUATICO TERMAL VICTORIA DEL AGUA <\/strong>&nbsp;&nbsp;&nbsp;&nbsp;&nbsp;&nbsp;&nbsp;&nbsp;&nbsp;&nbsp;<\/p>\n\n\n\n<p>Rawson 1950&nbsp;&nbsp;&nbsp;&nbsp;&nbsp;&nbsp;&nbsp;&nbsp;&nbsp;&nbsp;&nbsp;&nbsp;&nbsp;&nbsp;&nbsp;&nbsp;<\/p>\n\n\n\n<p>03436 \u2013 15613477<\/p>\n\n\n\n<p><strong>CAZADORES DE TESORO<\/strong><\/p>\n\n\n\n<p>3436 493669<\/p>\n\n\n\n<p><strong>CIRCUITO DEL MISTERIO<\/strong><\/p>\n\n\n\n<p>3436-618768<\/p>\n\n\n\n<p><strong>VICTORIA RIDES AND ADVENTURE <\/strong><strong>&#8211; Circuito guiado de esparcimiento<\/strong><\/p>\n\n\n\n<p><strong>Cabalgatas<\/strong><\/p>\n\n\n\n<p>Bv.&nbsp; Y Bv. Pueyrred\u00f3n<\/p>\n\n\n\n<p>03436-416279&nbsp; \u2013 03436-493538&nbsp; \u2013 03436-404488<\/p>\n\n\n\n<p><strong>TURISMO COMUNITARIO<\/strong><\/p>\n\n\n\n<p><strong>Cabalgatas<\/strong> 341 \u2013 3352551\/466710<\/p>\n\n\n\n<p><strong>Caminatas<\/strong> 3436 \u2013 466457\/463313\/618768\u00a0<\/p>\n<\/div>\n<\/div>\n\n\n\n\n\n\n\n\n\n\n","protected":false},"excerpt":{"rendered":"<p>Un lugar donde se conjuga una propuesta tur\u00edstica orientada a la diversi\u00f3n y el esparcimiento para grandes y chicos. Parques naturales, bodegas y vi\u00f1edos, termas, playas, golf, casino, entre otros, &#8230;<\/p>\n","protected":false},"author":2,"featured_media":2031,"parent":0,"menu_order":0,"comment_status":"closed","ping_status":"closed","template":"template-fullwidth.php","meta":{"footnotes":""},"class_list":["post-2813","page","type-page","status-publish","has-post-thumbnail","hentry"],"_links":{"self":[{"href":"https:\/\/victoria.tur.ar\/web\/wp-json\/wp\/v2\/pages\/2813","targetHints":{"allow":["GET"]}}],"collection":[{"href":"https:\/\/victoria.tur.ar\/web\/wp-json\/wp\/v2\/pages"}],"about":[{"href":"https:\/\/victoria.tur.ar\/web\/wp-json\/wp\/v2\/types\/page"}],"author":[{"embeddable":true,"href":"https:\/\/victoria.tur.ar\/web\/wp-json\/wp\/v2\/users\/2"}],"replies":[{"embeddable":true,"href":"https:\/\/victoria.tur.ar\/web\/wp-json\/wp\/v2\/comments?post=2813"}],"version-history":[{"count":9,"href":"https:\/\/victoria.tur.ar\/web\/wp-json\/wp\/v2\/pages\/2813\/revisions"}],"predecessor-version":[{"id":2919,"href":"https:\/\/victoria.tur.ar\/web\/wp-json\/wp\/v2\/pages\/2813\/revisions\/2919"}],"wp:featuredmedia":[{"embeddable":true,"href":"https:\/\/victoria.tur.ar\/web\/wp-json\/wp\/v2\/media\/2031"}],"wp:attachment":[{"href":"https:\/\/victoria.tur.ar\/web\/wp-json\/wp\/v2\/media?parent=2813"}],"curies":[{"name":"wp","href":"https:\/\/api.w.org\/{rel}","templated":true}]}}